{"id":153,"date":"2023-08-02T11:49:18","date_gmt":"2023-08-02T09:49:18","guid":{"rendered":"https:\/\/kulturhang.hu\/kezdolap-2\/"},"modified":"2024-08-02T11:01:48","modified_gmt":"2024-08-02T09:01:48","slug":"kezdolap-2","status":"publish","type":"page","link":"https:\/\/kulturhang.hu\/en\/","title":{"rendered":"Home"},"content":{"rendered":"<section class=\"wpb-content-wrapper\"><p>[vc_section full_width=&#8221;stretch_row&#8221; css=&#8221;.vc_custom_1691397000699{background-image: url(https:\/\/kulturhang.hu\/wp-content\/uploads\/2023\/08\/fokep1.jpg?id=94) !important;background-position: center !important;background-repeat: no-repeat !important;background-size: cover !important;}&#8221; el_class=&#8221;hidemobile&#8221;][vc_row][vc_column][vc_custom_heading text=&#8221;CulturTone Foundation<br \/>\nDiscovering paths<br \/>\nwithout borders.&#8221; font_container=&#8221;tag:h2|font_size:55|text_align:left|color:%23ffffff&#8221; google_fonts=&#8221;font_family:Cantata%20One%3Aregular|font_style:400%20regular%3A400%3Anormal&#8221; css=&#8221;.vc_custom_1691648024731{margin-top: 450px !important;margin-bottom: 90px !important;padding-top: 20px !important;padding-right: 20px !important;padding-bottom: 20px !important;padding-left: 20px !important;}&#8221; el_class=&#8221;slidetext&#8221;][\/vc_column][\/vc_row][\/vc_section][vc_section full_width=&#8221;stretch_row&#8221; css=&#8221;.vc_custom_1691648011412{background-image: url(https:\/\/kulturhang.hu\/wp-content\/uploads\/2023\/08\/fokep1.jpg?id=94) !important;background-position: center !important;background-repeat: no-repeat !important;background-size: cover !important;}&#8221; el_class=&#8221;showmobile&#8221;][vc_row][vc_column][vc_custom_heading text=&#8221;CulturTone Foundation<br \/>\nDiscovering paths<br \/>\nwithout borders.&#8221; font_container=&#8221;tag:h2|font_size:23|text_align:left|color:%23ffffff&#8221; google_fonts=&#8221;font_family:Cantata%20One%3Aregular|font_style:400%20regular%3A400%3Anormal&#8221; css=&#8221;.vc_custom_1691658022545{margin-top: 100px !important;margin-bottom: 15px !important;padding-top: 15px !important;padding-right: 15px !important;padding-bottom: 15px !important;padding-left: 15px !important;}&#8221; el_class=&#8221;slidetext&#8221;][\/vc_column][\/vc_row][\/vc_section][vc_row css=&#8221;.vc_custom_1691658392430{margin-bottom: 30px !important;padding-top: 50px !important;}&#8221;][vc_column width=&#8221;1\/2&#8243; css=&#8221;.vc_custom_1691658413295{padding-top: 20px !important;}&#8221;][vc_custom_heading text=&#8221;CultureTone Foundation:&#8221; font_container=&#8221;tag:h5|font_size:18|text_align:left|color:%23ffffff&#8221; google_fonts=&#8221;font_family:Cantata%20One%3Aregular|font_style:400%20regular%3A400%3Anormal&#8221; el_class=&#8221;titlebg&#8221;][vc_column_text css=&#8221;.vc_custom_1706263279351{padding-top: 30px !important;}&#8221;]<\/p>\n<ul>\n<li>Discovering paths without borders.<\/li>\n<li>Former Vinegar Factory: new home of the CultureTone Foundation.<\/li>\n<li>The ideal location for any kind of cultural project.<\/li>\n<li>It&#8217;s about inspiration, creativity.<\/li>\n<li>An open minded approach for cultural projects.<\/li>\n<\/ul>\n<p>[\/vc_column_text][\/vc_column][vc_column width=&#8221;1\/2&#8243; el_class=&#8221;brown&#8221; css=&#8221;.vc_custom_1691658431043{padding-top: 20px !important;}&#8221;][vc_custom_heading text=&#8221;CultureTone Ensemble:&#8221; font_container=&#8221;tag:h5|font_size:18|text_align:left|color:%23ffffff&#8221; google_fonts=&#8221;font_family:Cantata%20One%3Aregular|font_style:400%20regular%3A400%3Anormal&#8221; el_class=&#8221;titlebg&#8221;][vc_column_text css=&#8221;.vc_custom_1691658738975{padding-top: 30px !important;}&#8221;]<\/p>\n<ul>\n<li>The CultureTone Ensemble is part of the CultureTone Foundation, which is based in V\u00e1c, Hungary.<\/li>\n<li>This Ensemble was founded to bring outstanding musicians together: willing to try out new paths, feel limitless through the quality of each player, celebrate music without losing tradition and taste, openly welcome innovative ideas, with flexibility in size and combination of artists.<\/li>\n<li>CultureTone Ensemble is a leading role model which stands for open minded performances at the highest level.<\/li>\n<\/ul>\n<p>[\/vc_column_text][\/vc_column][\/vc_row][vc_row][vc_column][vc_video link=&#8221;https:\/\/youtu.be\/OdRnwRoi5_g?si=DUedrXt6h5y_0p61&#8243; align=&#8221;center&#8221; css=&#8221;.vc_custom_1722588397425{margin-top: 50px !important;}&#8221;][\/vc_column][\/vc_row][vc_row][vc_column][vc_column_text]<\/p>\n<div class=\"xdj266r x11i5rnm xat24cr x1mh8g0r x1vvkbs x126k92a\">\n<div dir=\"auto\"><span class=\"html-span xexx8yu x4uap5 x18d9i69 xkhd6sd x1hl2dhg x16tdsg8 x1vvkbs x3nfvp2 x1j61x8r x1fcty0u xdj266r xat24cr xgzva0m xhhsvwb xxymvpz xlup9mm x1kky2od\"><img loading=\"lazy\" decoding=\"async\" class=\"xz74otr\" src=\"https:\/\/static.xx.fbcdn.net\/images\/emoji.php\/v9\/t2d\/2\/16\/1f4bd.png\" alt=\"\ud83d\udcbd\" width=\"16\" height=\"16\" \/><\/span>NEW RELEASE!<\/div>\n<div dir=\"auto\"><span class=\"html-span xdj266r x11i5rnm xat24cr x1mh8g0r xexx8yu x4uap5 x18d9i69 xkhd6sd x1hl2dhg x16tdsg8 x1vvkbs\"><a class=\"x1i10hfl xjbqb8w x1ejq31n xd10rxx x1sy0etr x17r0tee x972fbf xcfux6l x1qhh985 xm0m39n x9f619 x1ypdohk xt0psk2 xe8uvvx xdj266r x11i5rnm xat24cr x1mh8g0r xexx8yu x4uap5 x18d9i69 xkhd6sd x16tdsg8 x1hl2dhg xggy1nq x1a2a7pz x1sur9pj xkrqix3 x1fey0fg xo1l8bm\" tabindex=\"0\" role=\"link\" href=\"https:\/\/www.facebook.com\/culturetonefoundation?__cft__[0]=AZW0qh4Vde2Qfxcq49lZ0Bo903QsBzkJNW7weI381TKoS2B0SqUA8v5yqSNkbAQUnTqJ4AuYFW42tYO84OGRbmRZ91mwbZsLS4qYK8YD055ZAymtj-NFFJtyuU3O8LJPfXEu4f_kkFfV-WE5Ya4TPix1e-J3Gg-JDb2uw7gXCIgS5bzrqbjnaZxHAm2TmMCbU24&amp;__tn__=-]K-R\"><span class=\"xt0psk2\">CultureTone Foundation Kult\u00farhang Alap\u00edtv\u00e1ny<\/span><\/a><\/span> proudly presents \u201cGRAFFITI\u201d, new album by the CultureTone Ensemble and our second album at <span class=\"html-span xdj266r x11i5rnm xat24cr x1mh8g0r xexx8yu x4uap5 x18d9i69 xkhd6sd x1hl2dhg x16tdsg8 x1vvkbs\"><a class=\"x1i10hfl xjbqb8w x1ejq31n xd10rxx x1sy0etr x17r0tee x972fbf xcfux6l x1qhh985 xm0m39n x9f619 x1ypdohk xt0psk2 xe8uvvx xdj266r x11i5rnm xat24cr x1mh8g0r xexx8yu x4uap5 x18d9i69 xkhd6sd x16tdsg8 x1hl2dhg xggy1nq x1a2a7pz x1sur9pj xkrqix3 x1fey0fg xo1l8bm\" tabindex=\"0\" role=\"link\" href=\"https:\/\/www.facebook.com\/NativeDsdMusic?__cft__[0]=AZW0qh4Vde2Qfxcq49lZ0Bo903QsBzkJNW7weI381TKoS2B0SqUA8v5yqSNkbAQUnTqJ4AuYFW42tYO84OGRbmRZ91mwbZsLS4qYK8YD055ZAymtj-NFFJtyuU3O8LJPfXEu4f_kkFfV-WE5Ya4TPix1e-J3Gg-JDb2uw7gXCIgS5bzrqbjnaZxHAm2TmMCbU24&amp;__tn__=-]K-R\"><span class=\"xt0psk2\">Native DSD Music<\/span><\/a><\/span>.<\/div>\n<div dir=\"auto\">The album features music composed by J. F. Fasch.<\/div>\n<div dir=\"auto\">Our LF \u201cCD Model&#8221; Oboes are the magical keys to our music making &#8211; playing them makes us feel the sky is the limit!<\/div>\n<\/div>\n<div class=\"x11i5rnm xat24cr x1mh8g0r x1vvkbs xtlvy1s x126k92a\">\n<div dir=\"auto\">It is one of the aims of the CultureTone Foundation\/Kult\u00farhang Alap\u00edtv\u00e1ny to build bridges between the arts. To risk new combinations and to show that every sincere implementation is capable of opening new doors.<\/div>\n<\/div>\n<div class=\"x11i5rnm xat24cr x1mh8g0r x1vvkbs xtlvy1s x126k92a\">\n<div dir=\"auto\"><span class=\"html-span xdj266r x11i5rnm xat24cr x1mh8g0r xexx8yu x4uap5 x18d9i69 xkhd6sd x1hl2dhg x16tdsg8 x1vvkbs\"><a class=\"x1i10hfl xjbqb8w x1ejq31n xd10rxx x1sy0etr x17r0tee x972fbf xcfux6l x1qhh985 xm0m39n x9f619 x1ypdohk xt0psk2 xe8uvvx xdj266r x11i5rnm xat24cr x1mh8g0r xexx8yu x4uap5 x18d9i69 xkhd6sd x16tdsg8 x1hl2dhg xggy1nq x1a2a7pz x1sur9pj xkrqix3 x1fey0fg xo1l8bm\" tabindex=\"0\" role=\"link\" href=\"https:\/\/www.facebook.com\/takeronegraffiti?__cft__[0]=AZW0qh4Vde2Qfxcq49lZ0Bo903QsBzkJNW7weI381TKoS2B0SqUA8v5yqSNkbAQUnTqJ4AuYFW42tYO84OGRbmRZ91mwbZsLS4qYK8YD055ZAymtj-NFFJtyuU3O8LJPfXEu4f_kkFfV-WE5Ya4TPix1e-J3Gg-JDb2uw7gXCIgS5bzrqbjnaZxHAm2TmMCbU24&amp;__tn__=-]K-R\"><span class=\"xt0psk2\">TakerOne<\/span><\/a><\/span> is an exceptional Street Artist whose unique style of photorealism has brought him acclaim worldwide. As we were discussing the idea of his creating a Graffiti wall picture which would surround our music from the 17th century, we all found ourselves absolutely drawn into this concept and couldn\u2019t wait to get started.<\/div>\n<\/div>\n<div class=\"x11i5rnm xat24cr x1mh8g0r x1vvkbs xtlvy1s x126k92a\">\n<div dir=\"auto\">The creation of TakerOne\u2019s colorful Graffiti art brought the walls to life, and it felt as if the whole room was dancing to the music of J.F. Fasch while we played \u2013 an experience none of us will ever forget!<\/div>\n<\/div>\n<div class=\"x11i5rnm xat24cr x1mh8g0r x1vvkbs xtlvy1s x126k92a\">\n<div dir=\"auto\">J.F. Fasch was a great admirer of J.D. Zelenka\u2019s, especially of his Trio Sonatas ZWV 181. It feels in a way as though he wanted to continue along the path of Zelenka, who composed his six Trio Sonatas in 1720-22.<\/div>\n<\/div>\n<div class=\"x11i5rnm xat24cr x1mh8g0r x1vvkbs xtlvy1s x126k92a\">\n<div dir=\"auto\">Although with a very different approach, J.F. Fasch follows up with his own touchingly atmospheric Trio Sonatas.<\/div>\n<\/div>\n<div class=\"x11i5rnm xat24cr x1mh8g0r x1vvkbs xtlvy1s x126k92a\">\n<div dir=\"auto\">Recorded at <span class=\"html-span xdj266r x11i5rnm xat24cr x1mh8g0r xexx8yu x4uap5 x18d9i69 xkhd6sd x1hl2dhg x16tdsg8 x1vvkbs\"><a class=\"x1i10hfl xjbqb8w x1ejq31n xd10rxx x1sy0etr x17r0tee x972fbf xcfux6l x1qhh985 xm0m39n x9f619 x1ypdohk xt0psk2 xe8uvvx xdj266r x11i5rnm xat24cr x1mh8g0r xexx8yu x4uap5 x18d9i69 xkhd6sd x16tdsg8 x1hl2dhg xggy1nq x1a2a7pz x1sur9pj xkrqix3 x1fey0fg xo1l8bm\" tabindex=\"0\" role=\"link\" href=\"http:\/\/www.hunniarecords.com\/\">Hunnia Records<\/a><\/span>.<\/div>\n<div dir=\"auto\">Exclusively Available in Stereo DSD 512, DSD 256, DSD 128, DSD 64 and DXD from Native DSD Music here:<img loading=\"lazy\" decoding=\"async\" class=\"alignnone size-medium wp-image-266\" src=\"https:\/\/kulturhang.hu\/wp-content\/uploads\/2024\/08\/HRES2401-1024x1024-1-300x300.jpg\" alt=\"\" width=\"300\" height=\"300\" srcset=\"https:\/\/kulturhang.hu\/wp-content\/uploads\/2024\/08\/HRES2401-1024x1024-1-300x300.jpg 300w, https:\/\/kulturhang.hu\/wp-content\/uploads\/2024\/08\/HRES2401-1024x1024-1-500x500.jpg 500w, https:\/\/kulturhang.hu\/wp-content\/uploads\/2024\/08\/HRES2401-1024x1024-1-768x768.jpg 768w, https:\/\/kulturhang.hu\/wp-content\/uploads\/2024\/08\/HRES2401-1024x1024-1.jpg 1024w\" sizes=\"auto, (max-width: 300px) 100vw, 300px\" \/><img loading=\"lazy\" decoding=\"async\" class=\"alignnone size-medium wp-image-268\" src=\"https:\/\/kulturhang.hu\/wp-content\/uploads\/2024\/08\/441072262_17877526911078701_7988941497922290725_n-300x251.jpg\" alt=\"\" width=\"300\" height=\"251\" srcset=\"https:\/\/kulturhang.hu\/wp-content\/uploads\/2024\/08\/441072262_17877526911078701_7988941497922290725_n-300x251.jpg 300w, https:\/\/kulturhang.hu\/wp-content\/uploads\/2024\/08\/441072262_17877526911078701_7988941497922290725_n-1024x857.jpg 1024w, https:\/\/kulturhang.hu\/wp-content\/uploads\/2024\/08\/441072262_17877526911078701_7988941497922290725_n-768x643.jpg 768w, https:\/\/kulturhang.hu\/wp-content\/uploads\/2024\/08\/441072262_17877526911078701_7988941497922290725_n.jpg 1199w\" sizes=\"auto, (max-width: 300px) 100vw, 300px\" \/><\/div>\n<div dir=\"auto\"><span class=\"html-span xdj266r x11i5rnm xat24cr x1mh8g0r xexx8yu x4uap5 x18d9i69 xkhd6sd x1hl2dhg x16tdsg8 x1vvkbs\"><a class=\"x1i10hfl xjbqb8w x1ejq31n xd10rxx x1sy0etr x17r0tee x972fbf xcfux6l x1qhh985 xm0m39n x9f619 x1ypdohk xt0psk2 xe8uvvx xdj266r x11i5rnm xat24cr x1mh8g0r xexx8yu x4uap5 x18d9i69 xkhd6sd x16tdsg8 x1hl2dhg xggy1nq x1a2a7pz x1sur9pj xkrqix3 x1fey0fg\" tabindex=\"0\" role=\"link\" href=\"https:\/\/www.nativedsd.com\/product\/hres2401-graffiti\/?fbclid=IwZXh0bgNhZW0CMTAAAR3OHdpA5W5ghMoaqO7rGSGcXUfRAsKXSzwJ7yM9V3Tg3Zk35DK0vq3kPbU_aem_2p_bQYW-IHhm66-jFdKaVg\" target=\"_blank\" rel=\"nofollow noopener noreferrer\">https:\/\/www.nativedsd.com\/product\/hres2401-graffiti\/<\/a><\/span><\/div>\n<div dir=\"auto\">We are very happy with the outcome, and hope you will be too!<\/div>\n<\/div>\n<p>[\/vc_column_text][vc_video link=&#8221;https:\/\/youtu.be\/ohX9Jy5vTgc?si=wehvSRlgL1x-UevB&#8221;][\/vc_column][\/vc_row][vc_row][vc_column][vc_video link=&#8221;https:\/\/youtu.be\/x_sXcHb114A?si=hiQUHa517J_ZAAat&#8221;][\/vc_column][\/vc_row][vc_row][vc_column][vc_video link=&#8221;https:\/\/youtu.be\/LiJo1DpRL-s?si=LFJxwtCVFepttZg9&#8243;][\/vc_column][\/vc_row][vc_row][vc_column][\/vc_column][\/vc_row]<\/p>\n<\/section>","protected":false},"excerpt":{"rendered":"<p>[vc_section full_width=&#8221;stretch_row&#8221; css=&#8221;.vc_custom_1691397000699{background-image: url(https:\/\/kulturhang.hu\/wp-content\/uploads\/2023\/08\/fokep1.jpg?id=94) !important;background-position: center !important;background-repeat: no-repeat !important;background-size: cover !important;}&#8221; el_class=&#8221;hidemobile&#8221;][vc_row][vc_column][vc_custom_heading text=&#8221;CulturTone Foundation Discovering paths without borders.&#8221; font_container=&#8221;tag:h2|font_size:55|text_align:left|color:%23ffffff&#8221; google_fonts=&#8221;font_family:Cantata%20One%3Aregular|font_style:400%20regular%3A400%3Anormal&#8221; css=&#8221;.vc_custom_1691648024731{margin-top: 450px !important;margin-bottom: 90px !important;padding-top: 20px !important;padding-right: 20px !important;padding-bottom: 20px !important;padding-left: 20px !important;}&#8221; el_class=&#8221;slidetext&#8221;][\/vc_column][\/vc_row][\/vc_section][vc_section full_width=&#8221;stretch_row&#8221; css=&#8221;.vc_custom_1691648011412{background-image: url(https:\/\/kulturhang.hu\/wp-content\/uploads\/2023\/08\/fokep1.jpg?id=94) !important;background-position: center !important;background-repeat: no-repeat !important;background-size: cover !important;}&#8221; el_class=&#8221;showmobile&#8221;][vc_row][vc_column][vc_custom_heading text=&#8221;CulturTone Foundation Discovering paths without borders.&#8221; font_container=&#8221;tag:h2|font_size:23|text_align:left|color:%23ffffff&#8221; google_fonts=&#8221;font_family:Cantata%20One%3Aregular|font_style:400%20regular%3A400%3Anormal&#8221; css=&#8221;.vc_custom_1691658022545{margin-top: 100px [&hellip;]<\/p>\n","protected":false},"author":1,"featured_media":0,"parent":0,"menu_order":0,"comment_status":"closed","ping_status":"closed","template":"template-home.php","meta":{"_acf_changed":false,"footnotes":""},"class_list":["post-153","page","type-page","status-publish","hentry"],"acf":[],"yoast_head":"<!-- This site is optimized with the Yoast SEO plugin v23.9 - https:\/\/yoast.com\/wordpress\/plugins\/seo\/ -->\n<title>Home - Kult\u00farhang Alap\u00edtv\u00e1ny<\/title>\n<meta name=\"description\" content=\"The CultureTone Foundation is a project based in V\u00e1c that is about inspiration and creativity. Roads without borders.\" \/>\n<meta name=\"robots\" content=\"index, follow, max-snippet:-1, max-image-preview:large, max-video-preview:-1\" \/>\n<link rel=\"canonical\" href=\"https:\/\/kulturhang.hu\/en\/\" \/>\n<meta property=\"og:locale\" content=\"en_US\" \/>\n<meta property=\"og:type\" content=\"article\" \/>\n<meta property=\"og:title\" content=\"Home - Kult\u00farhang Alap\u00edtv\u00e1ny\" \/>\n<meta property=\"og:description\" content=\"The CultureTone Foundation is a project based in V\u00e1c that is about inspiration and creativity. Roads without borders.\" \/>\n<meta property=\"og:url\" content=\"https:\/\/kulturhang.hu\/en\/\" \/>\n<meta property=\"og:site_name\" content=\"Kult\u00farhang Alap\u00edtv\u00e1ny\" \/>\n<meta property=\"article:modified_time\" content=\"2024-08-02T09:01:48+00:00\" \/>\n<meta property=\"og:image\" content=\"https:\/\/static.xx.fbcdn.net\/images\/emoji.php\/v9\/t2d\/2\/16\/1f4bd.png\" \/>\n<meta name=\"twitter:card\" content=\"summary_large_image\" \/>\n<meta name=\"twitter:label1\" content=\"Est. reading time\" \/>\n\t<meta name=\"twitter:data1\" content=\"4 minutes\" \/>\n<script type=\"application\/ld+json\" class=\"yoast-schema-graph\">{\"@context\":\"https:\/\/schema.org\",\"@graph\":[{\"@type\":\"WebPage\",\"@id\":\"https:\/\/kulturhang.hu\/en\/\",\"url\":\"https:\/\/kulturhang.hu\/en\/\",\"name\":\"Home - Kult\u00farhang Alap\u00edtv\u00e1ny\",\"isPartOf\":{\"@id\":\"https:\/\/kulturhang.hu\/#website\"},\"primaryImageOfPage\":{\"@id\":\"https:\/\/kulturhang.hu\/en\/#primaryimage\"},\"image\":{\"@id\":\"https:\/\/kulturhang.hu\/en\/#primaryimage\"},\"thumbnailUrl\":\"https:\/\/static.xx.fbcdn.net\/images\/emoji.php\/v9\/t2d\/2\/16\/1f4bd.png\",\"datePublished\":\"2023-08-02T09:49:18+00:00\",\"dateModified\":\"2024-08-02T09:01:48+00:00\",\"description\":\"The CultureTone Foundation is a project based in V\u00e1c that is about inspiration and creativity. Roads without borders.\",\"breadcrumb\":{\"@id\":\"https:\/\/kulturhang.hu\/en\/#breadcrumb\"},\"inLanguage\":\"en-US\",\"potentialAction\":[{\"@type\":\"ReadAction\",\"target\":[\"https:\/\/kulturhang.hu\/en\/\"]}]},{\"@type\":\"ImageObject\",\"inLanguage\":\"en-US\",\"@id\":\"https:\/\/kulturhang.hu\/en\/#primaryimage\",\"url\":\"https:\/\/static.xx.fbcdn.net\/images\/emoji.php\/v9\/t2d\/2\/16\/1f4bd.png\",\"contentUrl\":\"https:\/\/static.xx.fbcdn.net\/images\/emoji.php\/v9\/t2d\/2\/16\/1f4bd.png\"},{\"@type\":\"BreadcrumbList\",\"@id\":\"https:\/\/kulturhang.hu\/en\/#breadcrumb\",\"itemListElement\":[{\"@type\":\"ListItem\",\"position\":1,\"name\":\"Home\",\"item\":\"https:\/\/kulturhang.hu\/en\/\"},{\"@type\":\"ListItem\",\"position\":2,\"name\":\"Home\"}]},{\"@type\":\"WebSite\",\"@id\":\"https:\/\/kulturhang.hu\/#website\",\"url\":\"https:\/\/kulturhang.hu\/\",\"name\":\"Kult\u00farhang Alap\u00edtv\u00e1ny\",\"description\":\"A Kult\u00farhang Alap\u00edtv\u00e1nyr\u00f3l: Utak, hat\u00e1rok n\u00e9lk\u00fcl.\",\"potentialAction\":[{\"@type\":\"SearchAction\",\"target\":{\"@type\":\"EntryPoint\",\"urlTemplate\":\"https:\/\/kulturhang.hu\/?s={search_term_string}\"},\"query-input\":{\"@type\":\"PropertyValueSpecification\",\"valueRequired\":true,\"valueName\":\"search_term_string\"}}],\"inLanguage\":\"en-US\"}]}<\/script>\n<!-- \/ Yoast SEO plugin. -->","yoast_head_json":{"title":"Home - Kult\u00farhang Alap\u00edtv\u00e1ny","description":"The CultureTone Foundation is a project based in V\u00e1c that is about inspiration and creativity. Roads without borders.","robots":{"index":"index","follow":"follow","max-snippet":"max-snippet:-1","max-image-preview":"max-image-preview:large","max-video-preview":"max-video-preview:-1"},"canonical":"https:\/\/kulturhang.hu\/en\/","og_locale":"en_US","og_type":"article","og_title":"Home - Kult\u00farhang Alap\u00edtv\u00e1ny","og_description":"The CultureTone Foundation is a project based in V\u00e1c that is about inspiration and creativity. Roads without borders.","og_url":"https:\/\/kulturhang.hu\/en\/","og_site_name":"Kult\u00farhang Alap\u00edtv\u00e1ny","article_modified_time":"2024-08-02T09:01:48+00:00","og_image":[{"url":"https:\/\/static.xx.fbcdn.net\/images\/emoji.php\/v9\/t2d\/2\/16\/1f4bd.png"}],"twitter_card":"summary_large_image","twitter_misc":{"Est. reading time":"4 minutes"},"schema":{"@context":"https:\/\/schema.org","@graph":[{"@type":"WebPage","@id":"https:\/\/kulturhang.hu\/en\/","url":"https:\/\/kulturhang.hu\/en\/","name":"Home - Kult\u00farhang Alap\u00edtv\u00e1ny","isPartOf":{"@id":"https:\/\/kulturhang.hu\/#website"},"primaryImageOfPage":{"@id":"https:\/\/kulturhang.hu\/en\/#primaryimage"},"image":{"@id":"https:\/\/kulturhang.hu\/en\/#primaryimage"},"thumbnailUrl":"https:\/\/static.xx.fbcdn.net\/images\/emoji.php\/v9\/t2d\/2\/16\/1f4bd.png","datePublished":"2023-08-02T09:49:18+00:00","dateModified":"2024-08-02T09:01:48+00:00","description":"The CultureTone Foundation is a project based in V\u00e1c that is about inspiration and creativity. Roads without borders.","breadcrumb":{"@id":"https:\/\/kulturhang.hu\/en\/#breadcrumb"},"inLanguage":"en-US","potentialAction":[{"@type":"ReadAction","target":["https:\/\/kulturhang.hu\/en\/"]}]},{"@type":"ImageObject","inLanguage":"en-US","@id":"https:\/\/kulturhang.hu\/en\/#primaryimage","url":"https:\/\/static.xx.fbcdn.net\/images\/emoji.php\/v9\/t2d\/2\/16\/1f4bd.png","contentUrl":"https:\/\/static.xx.fbcdn.net\/images\/emoji.php\/v9\/t2d\/2\/16\/1f4bd.png"},{"@type":"BreadcrumbList","@id":"https:\/\/kulturhang.hu\/en\/#breadcrumb","itemListElement":[{"@type":"ListItem","position":1,"name":"Home","item":"https:\/\/kulturhang.hu\/en\/"},{"@type":"ListItem","position":2,"name":"Home"}]},{"@type":"WebSite","@id":"https:\/\/kulturhang.hu\/#website","url":"https:\/\/kulturhang.hu\/","name":"Kult\u00farhang Alap\u00edtv\u00e1ny","description":"A Kult\u00farhang Alap\u00edtv\u00e1nyr\u00f3l: Utak, hat\u00e1rok n\u00e9lk\u00fcl.","potentialAction":[{"@type":"SearchAction","target":{"@type":"EntryPoint","urlTemplate":"https:\/\/kulturhang.hu\/?s={search_term_string}"},"query-input":{"@type":"PropertyValueSpecification","valueRequired":true,"valueName":"search_term_string"}}],"inLanguage":"en-US"}]}},"_links":{"self":[{"href":"https:\/\/kulturhang.hu\/en\/wp-json\/wp\/v2\/pages\/153","targetHints":{"allow":["GET"]}}],"collection":[{"href":"https:\/\/kulturhang.hu\/en\/wp-json\/wp\/v2\/pages"}],"about":[{"href":"https:\/\/kulturhang.hu\/en\/wp-json\/wp\/v2\/types\/page"}],"author":[{"embeddable":true,"href":"https:\/\/kulturhang.hu\/en\/wp-json\/wp\/v2\/users\/1"}],"replies":[{"embeddable":true,"href":"https:\/\/kulturhang.hu\/en\/wp-json\/wp\/v2\/comments?post=153"}],"version-history":[{"count":11,"href":"https:\/\/kulturhang.hu\/en\/wp-json\/wp\/v2\/pages\/153\/revisions"}],"predecessor-version":[{"id":275,"href":"https:\/\/kulturhang.hu\/en\/wp-json\/wp\/v2\/pages\/153\/revisions\/275"}],"wp:attachment":[{"href":"https:\/\/kulturhang.hu\/en\/wp-json\/wp\/v2\/media?parent=153"}],"curies":[{"name":"wp","href":"https:\/\/api.w.org\/{rel}","templated":true}]}}